{"id":61840,"date":"2021-10-23T13:39:28","date_gmt":"2021-10-23T13:39:28","guid":{"rendered":"https:\/\/spirits-lover.com\/?page_id=61840"},"modified":"2021-10-23T13:55:40","modified_gmt":"2021-10-23T13:55:40","slug":"privacy-policy","status":"publish","type":"page","link":"https:\/\/spirits-lover.com\/it\/privacy-policy\/","title":{"rendered":"Privacy Policy"},"content":{"rendered":"<p><strong>Informativa ai sensi dell\u2019art. 13 del Codice della Privacy.\u00a0<\/strong><b>Ai sensi dell\u2019articolo 13 del codice della D.Lgs. 196\/2003, vi rendiamo le seguenti informazioni.<\/b><\/p>\n<p>Il team Spirits Lover (https:\/\/spirits-lover.com\/) ritiene che la privacy dei nostri visitatori sia estremamente importante. Questo documento descrive dettagliatamente i tipi di informazioni personali raccolti e registrati dal nostro sito e come essi vengano utilizzati.<\/p>\n<h3>File di Registrazione (Log Files)<\/h3>\n<p>Come molti altri siti web, il nostro utilizza file di log. Questi file registrano semplicemente i visitatori del sito \u2013 di solito una procedura standard delle aziende di hosting e dei servizi di analisi degli hosting.<\/p>\n<p>Le informazioni contenute nei file di registro comprendono indirizzi di protocollo Internet (IP), il tipo di browser, Internet Service Provider (ISP), informazioni come data e ora, pagine referral, pagine d\u2019uscita ed entrata o il numero di clic.<\/p>\n<p>Queste informazioni vengono utilizzate per analizzare le tendenze, amministrare il sito, monitorare il movimento degli utenti sul sito e raccogliere informazioni demografiche. Gli indirizzi IP e le altre informazioni non sono collegate a informazioni personali che possono essere identificate, dunque\u00a0<strong>tutti i dati sono raccolti in forma assolutamente anonima<\/strong>.<\/p>\n<div id=\"cookies\">\n<h3>Questo sito web utilizza i Cookies<\/h3>\n<p>I cookies sono piccoli file di testo che vengono automaticamente posizionati sul PC del navigatore all\u2019interno del browser. Essi contengono informazioni di base sulla navigazione in Internet e grazie al browser vengono riconosciuti ogni volta che l\u2019utente visita il sito.<\/p>\n<h3>Cookie Policy<\/h3>\n<p>Questo sito utilizza cookies, anche di terze parti, per migliorarne l\u2019esperienza di navigazione, consentire a chi naviga di usufruire di eventuali servizi online e monitorare la navigazione nel sito.<\/p>\n<h3>Come disabilitare i Cookies<\/h3>\n<p>E\u2019 possibile disabilitare i cookies direttamente dal browser utilizzato, accedendo alle impostazioni (preferenze oppure opzioni): questa scelta potrebbe limitare alcune funzionalit\u00e0 di navigazione del sito.<\/p>\n<h3>Gestione dei Cookies<\/h3>\n<p>I cookies utilizzati in questo sito possono rientrare nelle categorie descritte di seguito.<\/p>\n<p><strong>Attivit\u00e0 strettamente necessarie al funzionamento<\/strong><br \/>\nQuesti cookies hanno natura tecnica e permettono al sito di funzionare correttamente. Ad esempio, mantengono l\u2019utente collegato durante la navigazione evitando che il sito richieda di collegarsi pi\u00f9 volte per accedere alle pagine successive.<\/p>\n<p><strong>Attivit\u00e0 di salvataggio delle preferenze<\/strong><br \/>\nQuesti cookie permettono di ricordare le preferenze selezionate dall\u2019utente durante la navigazione, ad esempio, consentono di impostare la lingua.<\/p>\n<p><strong>Attivit\u00e0 Statistiche e di Misurazione dell\u2019audience (es: Google Analytics)<\/strong><br \/>\nQuesti cookie ci aiutano a capire, attraverso dati raccolti in forma anonima e aggregata, come gli utenti interagiscono con i siti internet fornendo informazioni relative alle sezioni visitate, il tempo trascorso sul sito, eventuali malfunzionamenti. Questo aiuta a migliorare la resa dei siti internet.<\/p>\n<p><strong>Cookie di social media (es: Facebook)<\/strong><br \/>\nQuesti cookie di terza parte vengono utilizzati per integrare alcune diffuse funzionalit\u00e0 dei principali social media e fornirle all\u2019interno del sito. In particolare permettono la registrazione e l\u2019autenticazione sul sito tramite facebook e google connect, la condivisione e i commenti di pagine del sito sui social, abilitano le funzionalit\u00e0 del \u201cmi piace\u201d su Facebook e del \u201c+1\u2033 su G+.<\/p>\n<h3>Fornitori di terze parti<\/h3>\n<p>I fornitori di terze parti, tra cui Google, utilizzano cookie per pubblicare annunci in base alle precedenti visite di un utente su questo sito.<\/p>\n<p>L\u2019utilizzo dei cookie per la pubblicit\u00e0 consente a Google e ai suoi partner di pubblicare annunci per gli utenti di questo sito (e su altri siti) in base ai dati statistici raccolti su questo sito e sui siti web dei partner Google.<\/p>\n<p>Gli utenti possono scegliere di disattivare la pubblicit\u00e0 personalizzata, visitando la pagina\u00a0<a href=\"https:\/\/www.google.com\/settings\/ads\" target=\"_blank\" rel=\"noopener\">Impostazioni annunci<\/a>.<\/p>\n<p>Visitando la pagina www.aboutads.info potrai disattivare i cookies dei fornitori di terze parti.<\/p>\n<h3>Finalit\u00e0 del trattamento<\/h3>\n<p>I dati possono essere raccolti per una o pi\u00f9 delle seguenti finalit\u00e0:<\/p>\n<p>1. fornire l\u2019accesso ad aree riservate del Portale e di Portali\/siti collegati con il presente e all\u2019invio di comunicazioni anche di carattere commerciale, notizie, aggiornamenti sulle iniziative di questo sito e delle societ\u00e0 da essa controllate e\/o collegate e\/o Sponsor.<\/p>\n<p>2. eseguire gli obblighi previsti da leggi o regolamenti;<\/p>\n<p>3. gestione contatti;<\/p>\n<h3>Modalit\u00e0 del trattamento<\/h3>\n<p>I dati verranno trattati con le seguenti modalit\u00e0: raccolta dati con modalit\u00e0 single-opt, in apposito database;<\/p>\n<h3>Natura obbligatoria<\/h3>\n<p>Tutti i dati richiesti sono obbligatori.<\/p>\n<h3>Diritti dell\u2019interessato<\/h3>\n<p>Ai sensi ai sensi dell\u2019art. 7 (Diritto di accesso ai dati personali ed altri diritti) del Codice della Privacy, vi segnaliamo che i vostri diritti in ordine al trattamento dei dati sono:<\/p>\n<p>1. conoscere, mediante accesso gratuito l\u2019esistenza di trattamenti di dati che possano riguardarvi;<\/p>\n<p>2. essere informati sulla natura e sulle finalit\u00e0 del trattamento<\/p>\n<p>3. ottenere a cura del titolare, senza ritardo:<\/p>\n<p>3a. la conferma dell\u2019esistenza o meno di dati personali che vi riguardano, anche se non ancora registrati, e la comunicazione in forma intellegibile dei medesimi dati e della loro origine, nonch\u00e9 della logica e delle finalit\u00e0 su cui si basa il trattamento; la richiesta pu\u00f2 essere rinnovata, salva l\u2019esistenza di giustificati motivi, con intervallo non minore di novanta giorni;<\/p>\n<p>3b. la cancellazione, la trasformazione in forma anonima o il blocco dei dati trattati in violazione di legge, compresi quelli di cui non \u00e8 necessaria la conservazione in relazione agli scopi per i quali i dati sono stati raccolti o successivamente trattati;<\/p>\n<p>3c. l\u2019aggiornamento, la rettifica ovvero, qualora vi abbia interesse, l\u2019integrazione dei dati esistenti;<\/p>\n<p>3d. opporvi in tutto o in parte per motivi legittimi al trattamento dei dati personali che vi riguardano ancorch\u00e9 pertinenti allo scopo della raccolta;<\/p>\n<p>Vi segnaliamo che il titolare del trattamento ad ogni effetto di legge \u00e8:<\/p>\n<p><b><span id=\"azienda\">Cigarista GmbH<\/span><\/b><\/p>\n<p>CHE-239.774.579<br \/>\nAugiessenstr. 13E<br \/>\n9443 \u2013 Widnau (SG)<br \/>\nSvizzera<\/p>\n<p>E-mail:\u00a0<span id=\"email\">info@spirits-lover.com\/<\/span><\/p>\n<p>Per esercitare i diritti previsti all\u2019art. 7 del Codice della Privacy ovvero per la cancellazione dei vostri dati dall\u2019archivio, \u00e8 sufficiente contattarci attraverso uno dei canali messi a disposizione.<\/p>\n<p>Tutti i dati sono protetti attraverso l\u2019uso di antivirus, firewall e protezione attraverso password.<\/p>\n<h3>Consenso<\/h3>\n<p>Usando il nostro sito web, acconsenti alla nostra politica sulla privacy e accetti i suoi termini. Se desideri ulteriori informazioni o hai domande sulla nostra politica sulla privacy non esitare a contattarci.<\/p>\n<\/div>\n","protected":false},"excerpt":{"rendered":"<p>Informativa ai sensi dell\u2019art. 13&#8230;<\/p>\n","protected":false},"author":1,"featured_media":0,"parent":0,"menu_order":0,"comment_status":"closed","ping_status":"closed","template":"","meta":{"_acf_changed":false,"inline_featured_image":false,"footnotes":""},"spirit_type":[],"class_list":["post-61840","page","type-page","status-publish","hentry"],"acf":[],"yoast_head":"<!-- This site is optimized with the Yoast SEO plugin v27.4 - https:\/\/yoast.com\/product\/yoast-seo-wordpress\/ -->\n<title>Privacy Policy - Spirits Lover<\/title>\n<meta name=\"description\" content=\"Il team Spirits Lover ritiene che la privacy dei nostri visitatori sia estremamente importante. Per maggiori dettagli, leggi l&#039;informativa.\" \/>\n<meta name=\"robots\" content=\"index, follow, max-snippet:-1, max-image-preview:large, max-video-preview:-1\" \/>\n<link rel=\"canonical\" href=\"https:\/\/spirits-lover.com\/it\/privacy-policy\/\" \/>\n<meta property=\"og:locale\" content=\"it_IT\" \/>\n<meta property=\"og:type\" content=\"article\" \/>\n<meta property=\"og:title\" content=\"Privacy Policy - Spirits Lover\" \/>\n<meta property=\"og:description\" content=\"Il team Spirits Lover ritiene che la privacy dei nostri visitatori sia estremamente importante. Per maggiori dettagli, leggi l&#039;informativa.\" \/>\n<meta property=\"og:url\" content=\"https:\/\/spirits-lover.com\/it\/privacy-policy\/\" \/>\n<meta property=\"og:site_name\" content=\"Spirits Lover\" \/>\n<meta property=\"article:modified_time\" content=\"2021-10-23T13:55:40+00:00\" \/>\n<meta name=\"twitter:card\" content=\"summary_large_image\" \/>\n<meta name=\"twitter:label1\" content=\"Tempo di lettura stimato\" \/>\n\t<meta name=\"twitter:data1\" content=\"5 minuti\" \/>\n<script type=\"application\/ld+json\" class=\"yoast-schema-graph\">{\"@context\":\"https:\\\/\\\/schema.org\",\"@graph\":[{\"@type\":\"WebPage\",\"@id\":\"https:\\\/\\\/spirits-lover.com\\\/it\\\/privacy-policy\\\/\",\"url\":\"https:\\\/\\\/spirits-lover.com\\\/it\\\/privacy-policy\\\/\",\"name\":\"Privacy Policy - Spirits Lover\",\"isPartOf\":{\"@id\":\"https:\\\/\\\/spirits-lover.com\\\/it\\\/#website\"},\"datePublished\":\"2021-10-23T13:39:28+00:00\",\"dateModified\":\"2021-10-23T13:55:40+00:00\",\"description\":\"Il team Spirits Lover ritiene che la privacy dei nostri visitatori sia estremamente importante. Per maggiori dettagli, leggi l'informativa.\",\"breadcrumb\":{\"@id\":\"https:\\\/\\\/spirits-lover.com\\\/it\\\/privacy-policy\\\/#breadcrumb\"},\"inLanguage\":\"it-IT\",\"potentialAction\":[{\"@type\":\"ReadAction\",\"target\":[\"https:\\\/\\\/spirits-lover.com\\\/it\\\/privacy-policy\\\/\"]}]},{\"@type\":\"BreadcrumbList\",\"@id\":\"https:\\\/\\\/spirits-lover.com\\\/it\\\/privacy-policy\\\/#breadcrumb\",\"itemListElement\":[{\"@type\":\"ListItem\",\"position\":1,\"name\":\"Home\",\"item\":\"https:\\\/\\\/spirits-lover.com\\\/it\\\/\"},{\"@type\":\"ListItem\",\"position\":2,\"name\":\"Privacy Policy\"}]},{\"@type\":\"WebSite\",\"@id\":\"https:\\\/\\\/spirits-lover.com\\\/it\\\/#website\",\"url\":\"https:\\\/\\\/spirits-lover.com\\\/it\\\/\",\"name\":\"Spirits Lover\",\"description\":\"Spirits Lover Magazine \u2013 the best spirits reviewed\",\"publisher\":{\"@id\":\"https:\\\/\\\/spirits-lover.com\\\/it\\\/#organization\"},\"potentialAction\":[{\"@type\":\"SearchAction\",\"target\":{\"@type\":\"EntryPoint\",\"urlTemplate\":\"https:\\\/\\\/spirits-lover.com\\\/it\\\/?s={search_term_string}\"},\"query-input\":{\"@type\":\"PropertyValueSpecification\",\"valueRequired\":true,\"valueName\":\"search_term_string\"}}],\"inLanguage\":\"it-IT\"},{\"@type\":\"Organization\",\"@id\":\"https:\\\/\\\/spirits-lover.com\\\/it\\\/#organization\",\"name\":\"Spirits Lover\",\"url\":\"https:\\\/\\\/spirits-lover.com\\\/it\\\/\",\"logo\":{\"@type\":\"ImageObject\",\"inLanguage\":\"it-IT\",\"@id\":\"https:\\\/\\\/spirits-lover.com\\\/it\\\/#\\\/schema\\\/logo\\\/image\\\/\",\"url\":\"https:\\\/\\\/spirits-lover.com\\\/wp-content\\\/uploads\\\/2021\\\/06\\\/logo.png\",\"contentUrl\":\"https:\\\/\\\/spirits-lover.com\\\/wp-content\\\/uploads\\\/2021\\\/06\\\/logo.png\",\"width\":230,\"height\":73,\"caption\":\"Spirits Lover\"},\"image\":{\"@id\":\"https:\\\/\\\/spirits-lover.com\\\/it\\\/#\\\/schema\\\/logo\\\/image\\\/\"}}]}<\/script>\n<!-- \/ Yoast SEO plugin. -->","yoast_head_json":{"title":"Privacy Policy - Spirits Lover","description":"Il team Spirits Lover ritiene che la privacy dei nostri visitatori sia estremamente importante. Per maggiori dettagli, leggi l'informativa.","robots":{"index":"index","follow":"follow","max-snippet":"max-snippet:-1","max-image-preview":"max-image-preview:large","max-video-preview":"max-video-preview:-1"},"canonical":"https:\/\/spirits-lover.com\/it\/privacy-policy\/","og_locale":"it_IT","og_type":"article","og_title":"Privacy Policy - Spirits Lover","og_description":"Il team Spirits Lover ritiene che la privacy dei nostri visitatori sia estremamente importante. Per maggiori dettagli, leggi l'informativa.","og_url":"https:\/\/spirits-lover.com\/it\/privacy-policy\/","og_site_name":"Spirits Lover","article_modified_time":"2021-10-23T13:55:40+00:00","twitter_card":"summary_large_image","twitter_misc":{"Tempo di lettura stimato":"5 minuti"},"schema":{"@context":"https:\/\/schema.org","@graph":[{"@type":"WebPage","@id":"https:\/\/spirits-lover.com\/it\/privacy-policy\/","url":"https:\/\/spirits-lover.com\/it\/privacy-policy\/","name":"Privacy Policy - Spirits Lover","isPartOf":{"@id":"https:\/\/spirits-lover.com\/it\/#website"},"datePublished":"2021-10-23T13:39:28+00:00","dateModified":"2021-10-23T13:55:40+00:00","description":"Il team Spirits Lover ritiene che la privacy dei nostri visitatori sia estremamente importante. Per maggiori dettagli, leggi l'informativa.","breadcrumb":{"@id":"https:\/\/spirits-lover.com\/it\/privacy-policy\/#breadcrumb"},"inLanguage":"it-IT","potentialAction":[{"@type":"ReadAction","target":["https:\/\/spirits-lover.com\/it\/privacy-policy\/"]}]},{"@type":"BreadcrumbList","@id":"https:\/\/spirits-lover.com\/it\/privacy-policy\/#breadcrumb","itemListElement":[{"@type":"ListItem","position":1,"name":"Home","item":"https:\/\/spirits-lover.com\/it\/"},{"@type":"ListItem","position":2,"name":"Privacy Policy"}]},{"@type":"WebSite","@id":"https:\/\/spirits-lover.com\/it\/#website","url":"https:\/\/spirits-lover.com\/it\/","name":"Spirits Lover","description":"Spirits Lover Magazine \u2013 the best spirits reviewed","publisher":{"@id":"https:\/\/spirits-lover.com\/it\/#organization"},"potentialAction":[{"@type":"SearchAction","target":{"@type":"EntryPoint","urlTemplate":"https:\/\/spirits-lover.com\/it\/?s={search_term_string}"},"query-input":{"@type":"PropertyValueSpecification","valueRequired":true,"valueName":"search_term_string"}}],"inLanguage":"it-IT"},{"@type":"Organization","@id":"https:\/\/spirits-lover.com\/it\/#organization","name":"Spirits Lover","url":"https:\/\/spirits-lover.com\/it\/","logo":{"@type":"ImageObject","inLanguage":"it-IT","@id":"https:\/\/spirits-lover.com\/it\/#\/schema\/logo\/image\/","url":"https:\/\/spirits-lover.com\/wp-content\/uploads\/2021\/06\/logo.png","contentUrl":"https:\/\/spirits-lover.com\/wp-content\/uploads\/2021\/06\/logo.png","width":230,"height":73,"caption":"Spirits Lover"},"image":{"@id":"https:\/\/spirits-lover.com\/it\/#\/schema\/logo\/image\/"}}]}},"_links":{"self":[{"href":"https:\/\/spirits-lover.com\/it\/wp-json\/wp\/v2\/pages\/61840","targetHints":{"allow":["GET"]}}],"collection":[{"href":"https:\/\/spirits-lover.com\/it\/wp-json\/wp\/v2\/pages"}],"about":[{"href":"https:\/\/spirits-lover.com\/it\/wp-json\/wp\/v2\/types\/page"}],"author":[{"embeddable":true,"href":"https:\/\/spirits-lover.com\/it\/wp-json\/wp\/v2\/users\/1"}],"replies":[{"embeddable":true,"href":"https:\/\/spirits-lover.com\/it\/wp-json\/wp\/v2\/comments?post=61840"}],"version-history":[{"count":3,"href":"https:\/\/spirits-lover.com\/it\/wp-json\/wp\/v2\/pages\/61840\/revisions"}],"predecessor-version":[{"id":61849,"href":"https:\/\/spirits-lover.com\/it\/wp-json\/wp\/v2\/pages\/61840\/revisions\/61849"}],"wp:attachment":[{"href":"https:\/\/spirits-lover.com\/it\/wp-json\/wp\/v2\/media?parent=61840"}],"wp:term":[{"taxonomy":"spirit_type","embeddable":true,"href":"https:\/\/spirits-lover.com\/it\/wp-json\/wp\/v2\/spirit_type?post=61840"}],"curies":[{"name":"wp","href":"https:\/\/api.w.org\/{rel}","templated":true}]}}